{"id":30,"date":"2024-06-25T13:52:01","date_gmt":"2024-06-25T13:52:01","guid":{"rendered":"https:\/\/de.carsarheve.com\/?page_id=30"},"modified":"2024-06-25T13:59:02","modified_gmt":"2024-06-25T13:59:02","slug":"uber-uns","status":"publish","type":"page","link":"https:\/\/de.carsarheve.com\/uber-uns\/","title":{"rendered":"\u00dcBER UNS"},"content":{"rendered":"\n<p>Cars ARHEVE ist ein Verlagsprojekt f\u00fcr Oldtimer. Wir produzieren elektronische und gedruckte B\u00fccher \u00fcber Mercedes-Benz, BMW, Audi, Volkswagen, Volvo, Jaguar, Toyota und andere Marken. Einige der E-Books sind f\u00fcr alle kostenlos, andere nur f\u00fcr unsere Patreon-Abonnenten. Die von den Abonnenten erhaltenen Mittel werden zur Erstellung neuer Ausgaben verwendet.<br><br><\/p>\n\n\n\n<figure class=\"wp-block-image size-large is-resized\"><a href=\"http:\/\/patreon.com\/carsarheve\" target=\"_blank\" rel=\"noopener\"><img loading=\"lazy\" decoding=\"async\" width=\"1024\" height=\"1024\" src=\"http:\/\/de.carsarheve.com\/wp-content\/uploads\/sites\/2\/2024\/06\/Digital-Patreon-Logo_FieryCoral-1024x1024.png\" alt=\"\" class=\"wp-image-35\" style=\"width:75px;height:auto\" srcset=\"https:\/\/de.carsarheve.com\/wp-content\/uploads\/sites\/2\/2024\/06\/Digital-Patreon-Logo_FieryCoral-1024x1024.png 1024w, https:\/\/de.carsarheve.com\/wp-content\/uploads\/sites\/2\/2024\/06\/Digital-Patreon-Logo_FieryCoral-300x300.png 300w, https:\/\/de.carsarheve.com\/wp-content\/uploads\/sites\/2\/2024\/06\/Digital-Patreon-Logo_FieryCoral-150x150.png 150w, https:\/\/de.carsarheve.com\/wp-content\/uploads\/sites\/2\/2024\/06\/Digital-Patreon-Logo_FieryCoral-768x768.png 768w, https:\/\/de.carsarheve.com\/wp-content\/uploads\/sites\/2\/2024\/06\/Digital-Patreon-Logo_FieryCoral-324x324.png 324w, https:\/\/de.carsarheve.com\/wp-content\/uploads\/sites\/2\/2024\/06\/Digital-Patreon-Logo_FieryCoral-416x416.png 416w, https:\/\/de.carsarheve.com\/wp-content\/uploads\/sites\/2\/2024\/06\/Digital-Patreon-Logo_FieryCoral-100x100.png 100w, https:\/\/de.carsarheve.com\/wp-content\/uploads\/sites\/2\/2024\/06\/Digital-Patreon-Logo_FieryCoral.png 1080w\" sizes=\"(max-width: 1024px) 100vw, 1024px\" \/><\/a><\/figure>\n\n\n\n<p>F\u00fcr eine Zusammenarbeit wenden Sie sich bitte per E-Mail an:&nbsp;info@carsarheve.com Wir sind bereit, die M\u00f6glichkeit in Betracht zu ziehen, f\u00fcr Ihre Bestellung eine spezielle Version eines elektronischen oder gedruckten Buches vorzubereiten.<\/p>\n\n\n\n<p><br><br><\/p>\n","protected":false},"excerpt":{"rendered":"<p>Cars ARHEVE ist ein Verlagsprojekt f\u00fcr Oldtimer. Wir produzieren elektronische und gedruckte B\u00fccher \u00fcber Mercedes-Benz, BMW, Audi, Volkswagen, Volvo, Jaguar, Toyota und andere Marken. Einige der E-Books sind f\u00fcr alle kostenlos, andere nur f\u00fcr unsere Patreon-Abonnenten. Die von den Abonnenten erhaltenen Mittel werden zur Erstellung neuer Ausgaben verwendet. F\u00fcr eine Zusammenarbeit wenden Sie sich bitte [&hellip;]<\/p>\n","protected":false},"author":7,"featured_media":0,"parent":0,"menu_order":0,"comment_status":"closed","ping_status":"closed","template":"","meta":{"_acf_changed":false,"inline_featured_image":false,"footnotes":""},"acf":[],"_links":{"self":[{"href":"https:\/\/de.carsarheve.com\/en\/wp-json\/wp\/v2\/pages\/30"}],"collection":[{"href":"https:\/\/de.carsarheve.com\/en\/wp-json\/wp\/v2\/pages"}],"about":[{"href":"https:\/\/de.carsarheve.com\/en\/wp-json\/wp\/v2\/types\/page"}],"author":[{"embeddable":true,"href":"https:\/\/de.carsarheve.com\/en\/wp-json\/wp\/v2\/users\/7"}],"replies":[{"embeddable":true,"href":"https:\/\/de.carsarheve.com\/en\/wp-json\/wp\/v2\/comments?post=30"}],"version-history":[{"count":4,"href":"https:\/\/de.carsarheve.com\/en\/wp-json\/wp\/v2\/pages\/30\/revisions"}],"predecessor-version":[{"id":37,"href":"https:\/\/de.carsarheve.com\/en\/wp-json\/wp\/v2\/pages\/30\/revisions\/37"}],"wp:attachment":[{"href":"https:\/\/de.carsarheve.com\/en\/wp-json\/wp\/v2\/media?parent=30"}],"curies":[{"name":"wp","href":"https:\/\/api.w.org\/{rel}","templated":true}]}}